{"id":31452,"date":"2022-06-24T10:25:49","date_gmt":"2022-06-24T08:25:49","guid":{"rendered":"https:\/\/premiumseeds.eu\/?post_type=product&#038;p=31452"},"modified":"2022-10-20T12:21:16","modified_gmt":"2022-10-20T10:21:16","slug":"porro-blauwgroene-winter","status":"publish","type":"product","link":"https:\/\/premiumseeds.eu\/it\/produkt\/porro-blauwgroene-winter\/","title":{"rendered":"Porro Blauwgroene Winter"},"content":{"rendered":"","protected":false},"excerpt":{"rendered":"<p>Variet\u00e0 tardiva, molto produttiva, di qualit\u00e0 superiore. Sverna bene in campo aperto e si pu\u00f2 raccogliere in primavera. La parte commestibile del fusto \u00e8 bianca, lunga e grossa con foglie erette di colore verde scuro. Ortaggio dal sapore aromatico, ottimo per insalate, zuppe e piatti caldi.<br \/>\n<\/b><br \/>\n<strong>Porro Blauwgroene Winter &#8211; semi<\/strong><br \/>\n<\/b><br \/>\n<strong> Profondit\u00e0 di semina:<\/strong> 1 &#8211; 2 cm<br \/>\n<strong>Tempo di semina in serra:<\/strong> febbraio &#8211; aprile<br \/>\n<strong>Tempo di semina all\u2019aperto:<\/strong> marzo &#8211; aprile<br \/>\n<strong>Tempo di semina delle plantule all\u2019aperto:<\/strong> maggio &#8211; giugno<br \/>\n<strong>Semina:<\/strong> 40-50 x 15 cm<br \/>\n<strong>Periodo di raccolt\u00e0:<\/strong> ottobre &#8211; novembre, gennaio &#8211; aprile<br \/>\n<\/b><br \/>\nUna confezione contiene 1 grammo di semi.<\/p>\n","protected":false},"featured_media":37596,"template":"","meta":{"_monsterinsights_skip_tracking":false,"_monsterinsights_sitenote_active":false,"_monsterinsights_sitenote_note":"","_monsterinsights_sitenote_category":0},"product_cat":[2076,2101],"product_tag":[2860],"class_list":["post-31452","product","type-product","status-publish","has-post-thumbnail","hentry","product_cat-semi-di-ortaggi","product_cat-semi-di-porro","product_tag-porro-blauwgroene-winter-semi"],"yoast_head":"<!-- This site is optimized with the Yoast SEO plugin v21.6 - https:\/\/yoast.com\/wordpress\/plugins\/seo\/ -->\n<title>Porro Blauwgroene Winter - PremiumSeeds \u2013 produzione di sementi<\/title>\n<meta name=\"description\" content=\"Porro Blauwgroene Winter sementi \u2013 direttamente dalla propriet\u00e0 del marchio PremiumSeeds. Commercio all&#039;ingrosso e distribuzione di semi Porro Blauwgroene Winter Germinabilit\u00e0 comprovata e garantita. Ordina direttamente dal produttore.\" \/>\n<meta name=\"robots\" content=\"index, follow, max-snippet:-1, max-image-preview:large, max-video-preview:-1\" \/>\n<link rel=\"canonical\" href=\"https:\/\/premiumseeds.eu\/it\/produkt\/porro-blauwgroene-winter\/\" \/>\n<meta property=\"og:locale\" content=\"it_IT\" \/>\n<meta property=\"og:type\" content=\"article\" \/>\n<meta property=\"og:title\" content=\"Porro Blauwgroene Winter - PremiumSeeds \u2013 produzione di sementi\" \/>\n<meta property=\"og:description\" content=\"Porro Blauwgroene Winter sementi \u2013 direttamente dalla propriet\u00e0 del marchio PremiumSeeds. Commercio all&#039;ingrosso e distribuzione di semi Porro Blauwgroene Winter Germinabilit\u00e0 comprovata e garantita. Ordina direttamente dal produttore.\" \/>\n<meta property=\"og:url\" content=\"https:\/\/premiumseeds.eu\/it\/produkt\/porro-blauwgroene-winter\/\" \/>\n<meta property=\"og:site_name\" content=\"PremiumSeeds\" \/>\n<meta property=\"article:modified_time\" content=\"2022-10-20T10:21:16+00:00\" \/>\n<meta property=\"og:image\" content=\"https:\/\/premiumseeds.eu\/wp-content\/uploads\/2022\/06\/WORLD-N-170-2444_VS-2.jpg?v=1666261247\" \/>\n\t<meta property=\"og:image:width\" content=\"945\" \/>\n\t<meta property=\"og:image:height\" content=\"1772\" \/>\n\t<meta property=\"og:image:type\" content=\"image\/jpeg\" \/>\n<meta name=\"twitter:card\" content=\"summary_large_image\" \/>\n<script type=\"application\/ld+json\" class=\"yoast-schema-graph\">{\"@context\":\"https:\/\/schema.org\",\"@graph\":[{\"@type\":\"WebPage\",\"@id\":\"https:\/\/premiumseeds.eu\/it\/produkt\/porro-blauwgroene-winter\/\",\"url\":\"https:\/\/premiumseeds.eu\/it\/produkt\/porro-blauwgroene-winter\/\",\"name\":\"Porro Blauwgroene Winter - PremiumSeeds \u2013 produzione di sementi\",\"isPartOf\":{\"@id\":\"https:\/\/premiumseeds.eu\/it\/#website\"},\"datePublished\":\"2022-06-24T08:25:49+00:00\",\"dateModified\":\"2022-10-20T10:21:16+00:00\",\"description\":\"Porro Blauwgroene Winter sementi \u2013 direttamente dalla propriet\u00e0 del marchio PremiumSeeds. Commercio all'ingrosso e distribuzione di semi Porro Blauwgroene Winter Germinabilit\u00e0 comprovata e garantita. Ordina direttamente dal produttore.\",\"breadcrumb\":{\"@id\":\"https:\/\/premiumseeds.eu\/it\/produkt\/porro-blauwgroene-winter\/#breadcrumb\"},\"inLanguage\":\"it-IT\",\"potentialAction\":[{\"@type\":\"ReadAction\",\"target\":[\"https:\/\/premiumseeds.eu\/it\/produkt\/porro-blauwgroene-winter\/\"]}]},{\"@type\":\"BreadcrumbList\",\"@id\":\"https:\/\/premiumseeds.eu\/it\/produkt\/porro-blauwgroene-winter\/#breadcrumb\",\"itemListElement\":[{\"@type\":\"ListItem\",\"position\":1,\"name\":\"Home\",\"item\":\"https:\/\/premiumseeds.eu\/it\/\"},{\"@type\":\"ListItem\",\"position\":2,\"name\":\"Semi\",\"item\":\"https:\/\/premiumseeds.eu\/it\/semi\/\"},{\"@type\":\"ListItem\",\"position\":3,\"name\":\"Porro Blauwgroene Winter\"}]},{\"@type\":\"WebSite\",\"@id\":\"https:\/\/premiumseeds.eu\/it\/#website\",\"url\":\"https:\/\/premiumseeds.eu\/it\/\",\"name\":\"PremiumSeeds\",\"description\":\"Top seeds producer\",\"potentialAction\":[{\"@type\":\"SearchAction\",\"target\":{\"@type\":\"EntryPoint\",\"urlTemplate\":\"https:\/\/premiumseeds.eu\/it\/?s={search_term_string}\"},\"query-input\":\"required name=search_term_string\"}],\"inLanguage\":\"it-IT\"}]}<\/script>\n<!-- \/ Yoast SEO plugin. -->","yoast_head_json":{"title":"Porro Blauwgroene Winter - PremiumSeeds \u2013 produzione di sementi","description":"Porro Blauwgroene Winter sementi \u2013 direttamente dalla propriet\u00e0 del marchio PremiumSeeds. Commercio all'ingrosso e distribuzione di semi Porro Blauwgroene Winter Germinabilit\u00e0 comprovata e garantita. Ordina direttamente dal produttore.","robots":{"index":"index","follow":"follow","max-snippet":"max-snippet:-1","max-image-preview":"max-image-preview:large","max-video-preview":"max-video-preview:-1"},"canonical":"https:\/\/premiumseeds.eu\/it\/produkt\/porro-blauwgroene-winter\/","og_locale":"it_IT","og_type":"article","og_title":"Porro Blauwgroene Winter - PremiumSeeds \u2013 produzione di sementi","og_description":"Porro Blauwgroene Winter sementi \u2013 direttamente dalla propriet\u00e0 del marchio PremiumSeeds. Commercio all'ingrosso e distribuzione di semi Porro Blauwgroene Winter Germinabilit\u00e0 comprovata e garantita. Ordina direttamente dal produttore.","og_url":"https:\/\/premiumseeds.eu\/it\/produkt\/porro-blauwgroene-winter\/","og_site_name":"PremiumSeeds","article_modified_time":"2022-10-20T10:21:16+00:00","og_image":[{"width":945,"height":1772,"url":"https:\/\/premiumseeds.eu\/wp-content\/uploads\/2022\/06\/WORLD-N-170-2444_VS-2.jpg?v=1666261247","type":"image\/jpeg"}],"twitter_card":"summary_large_image","schema":{"@context":"https:\/\/schema.org","@graph":[{"@type":"WebPage","@id":"https:\/\/premiumseeds.eu\/it\/produkt\/porro-blauwgroene-winter\/","url":"https:\/\/premiumseeds.eu\/it\/produkt\/porro-blauwgroene-winter\/","name":"Porro Blauwgroene Winter - PremiumSeeds \u2013 produzione di sementi","isPartOf":{"@id":"https:\/\/premiumseeds.eu\/it\/#website"},"datePublished":"2022-06-24T08:25:49+00:00","dateModified":"2022-10-20T10:21:16+00:00","description":"Porro Blauwgroene Winter sementi \u2013 direttamente dalla propriet\u00e0 del marchio PremiumSeeds. Commercio all'ingrosso e distribuzione di semi Porro Blauwgroene Winter Germinabilit\u00e0 comprovata e garantita. Ordina direttamente dal produttore.","breadcrumb":{"@id":"https:\/\/premiumseeds.eu\/it\/produkt\/porro-blauwgroene-winter\/#breadcrumb"},"inLanguage":"it-IT","potentialAction":[{"@type":"ReadAction","target":["https:\/\/premiumseeds.eu\/it\/produkt\/porro-blauwgroene-winter\/"]}]},{"@type":"BreadcrumbList","@id":"https:\/\/premiumseeds.eu\/it\/produkt\/porro-blauwgroene-winter\/#breadcrumb","itemListElement":[{"@type":"ListItem","position":1,"name":"Home","item":"https:\/\/premiumseeds.eu\/it\/"},{"@type":"ListItem","position":2,"name":"Semi","item":"https:\/\/premiumseeds.eu\/it\/semi\/"},{"@type":"ListItem","position":3,"name":"Porro Blauwgroene Winter"}]},{"@type":"WebSite","@id":"https:\/\/premiumseeds.eu\/it\/#website","url":"https:\/\/premiumseeds.eu\/it\/","name":"PremiumSeeds","description":"Top seeds producer","potentialAction":[{"@type":"SearchAction","target":{"@type":"EntryPoint","urlTemplate":"https:\/\/premiumseeds.eu\/it\/?s={search_term_string}"},"query-input":"required name=search_term_string"}],"inLanguage":"it-IT"}]}},"_links":{"self":[{"href":"https:\/\/premiumseeds.eu\/it\/wp-json\/wp\/v2\/product\/31452","targetHints":{"allow":["GET"]}}],"collection":[{"href":"https:\/\/premiumseeds.eu\/it\/wp-json\/wp\/v2\/product"}],"about":[{"href":"https:\/\/premiumseeds.eu\/it\/wp-json\/wp\/v2\/types\/product"}],"wp:featuredmedia":[{"embeddable":true,"href":"https:\/\/premiumseeds.eu\/it\/wp-json\/wp\/v2\/media\/37596"}],"wp:attachment":[{"href":"https:\/\/premiumseeds.eu\/it\/wp-json\/wp\/v2\/media?parent=31452"}],"wp:term":[{"taxonomy":"product_cat","embeddable":true,"href":"https:\/\/premiumseeds.eu\/it\/wp-json\/wp\/v2\/product_cat?post=31452"},{"taxonomy":"product_tag","embeddable":true,"href":"https:\/\/premiumseeds.eu\/it\/wp-json\/wp\/v2\/product_tag?post=31452"}],"curies":[{"name":"wp","href":"https:\/\/api.w.org\/{rel}","templated":true}]}}