{"id":31504,"date":"2022-06-24T10:49:38","date_gmt":"2022-06-24T08:49:38","guid":{"rendered":"https:\/\/premiumseeds.eu\/?post_type=product&#038;p=31504"},"modified":"2022-07-06T12:29:24","modified_gmt":"2022-07-06T10:29:24","slug":"crescione","status":"publish","type":"product","link":"https:\/\/premiumseeds.eu\/it\/produkt\/crescione\/","title":{"rendered":"Crescione"},"content":{"rendered":"","protected":false},"excerpt":{"rendered":"<p>Pianta annuale con un caratteristico odore e dal gusto piccante. \u00c8 una ricca fonte di vitamine e sali minerali. In vaso pu\u00f2 essere seminata durante tutto l&#8217;anno, la raccolta \u00e8 possibile dopo pochi giorni.<br \/>\n<\/b><br \/>\n<strong>Crescione &#8211; semi<\/strong><br \/>\n<\/b><br \/>\n<strong>Tempo di semina:<\/strong> gennaio &#8211; dicembre<br \/>\n<strong>Periodo di raccolt\u00e0:<\/strong> gennaio &#8211; dicembre<br \/>\n<\/b><br \/>\nUna confezione contiene 10 grammi di semi.<\/p>\n","protected":false},"featured_media":31511,"template":"","meta":{"_monsterinsights_skip_tracking":false,"_monsterinsights_sitenote_active":false,"_monsterinsights_sitenote_note":"","_monsterinsights_sitenote_category":0},"product_cat":[2090,2076,2121],"product_tag":[2511],"class_list":["post-31504","product","type-product","status-publish","has-post-thumbnail","hentry","product_cat-semi-di-crescione","product_cat-semi-di-ortaggi","product_cat-semi-per-germogli","product_tag-crescione-semi"],"yoast_head":"<!-- This site is optimized with the Yoast SEO plugin v21.6 - https:\/\/yoast.com\/wordpress\/plugins\/seo\/ -->\n<title>Crescione - PremiumSeeds \u2013 produzione di sementi<\/title>\n<meta name=\"description\" content=\"Crescione sementi \u2013 direttamente dalla propriet\u00e0 del marchio PremiumSeeds. Commercio all&#039;ingrosso e distribuzione di semi Crescione Germinabilit\u00e0 comprovata e garantita. Ordina direttamente dal produttore.\" \/>\n<meta name=\"robots\" content=\"index, follow, max-snippet:-1, max-image-preview:large, max-video-preview:-1\" \/>\n<link rel=\"canonical\" href=\"https:\/\/premiumseeds.eu\/it\/produkt\/crescione\/\" \/>\n<meta property=\"og:locale\" content=\"it_IT\" \/>\n<meta property=\"og:type\" content=\"article\" \/>\n<meta property=\"og:title\" content=\"Crescione - PremiumSeeds \u2013 produzione di sementi\" \/>\n<meta property=\"og:description\" content=\"Crescione sementi \u2013 direttamente dalla propriet\u00e0 del marchio PremiumSeeds. Commercio all&#039;ingrosso e distribuzione di semi Crescione Germinabilit\u00e0 comprovata e garantita. Ordina direttamente dal produttore.\" \/>\n<meta property=\"og:url\" content=\"https:\/\/premiumseeds.eu\/it\/produkt\/crescione\/\" \/>\n<meta property=\"og:site_name\" content=\"PremiumSeeds\" \/>\n<meta property=\"article:modified_time\" content=\"2022-07-06T10:29:24+00:00\" \/>\n<meta property=\"og:image\" content=\"https:\/\/premiumseeds.eu\/wp-content\/uploads\/2022\/06\/32_WORLD-G4700026_RGB_VS-3.jpg\" \/>\n\t<meta property=\"og:image:width\" content=\"945\" \/>\n\t<meta property=\"og:image:height\" content=\"1770\" \/>\n\t<meta property=\"og:image:type\" content=\"image\/jpeg\" \/>\n<meta name=\"twitter:card\" content=\"summary_large_image\" \/>\n<script type=\"application\/ld+json\" class=\"yoast-schema-graph\">{\"@context\":\"https:\/\/schema.org\",\"@graph\":[{\"@type\":\"WebPage\",\"@id\":\"https:\/\/premiumseeds.eu\/it\/produkt\/crescione\/\",\"url\":\"https:\/\/premiumseeds.eu\/it\/produkt\/crescione\/\",\"name\":\"Crescione - PremiumSeeds \u2013 produzione di sementi\",\"isPartOf\":{\"@id\":\"https:\/\/premiumseeds.eu\/it\/#website\"},\"datePublished\":\"2022-06-24T08:49:38+00:00\",\"dateModified\":\"2022-07-06T10:29:24+00:00\",\"description\":\"Crescione sementi \u2013 direttamente dalla propriet\u00e0 del marchio PremiumSeeds. Commercio all'ingrosso e distribuzione di semi Crescione Germinabilit\u00e0 comprovata e garantita. Ordina direttamente dal produttore.\",\"breadcrumb\":{\"@id\":\"https:\/\/premiumseeds.eu\/it\/produkt\/crescione\/#breadcrumb\"},\"inLanguage\":\"it-IT\",\"potentialAction\":[{\"@type\":\"ReadAction\",\"target\":[\"https:\/\/premiumseeds.eu\/it\/produkt\/crescione\/\"]}]},{\"@type\":\"BreadcrumbList\",\"@id\":\"https:\/\/premiumseeds.eu\/it\/produkt\/crescione\/#breadcrumb\",\"itemListElement\":[{\"@type\":\"ListItem\",\"position\":1,\"name\":\"Home\",\"item\":\"https:\/\/premiumseeds.eu\/it\/\"},{\"@type\":\"ListItem\",\"position\":2,\"name\":\"Semi\",\"item\":\"https:\/\/premiumseeds.eu\/it\/semi\/\"},{\"@type\":\"ListItem\",\"position\":3,\"name\":\"Crescione\"}]},{\"@type\":\"WebSite\",\"@id\":\"https:\/\/premiumseeds.eu\/it\/#website\",\"url\":\"https:\/\/premiumseeds.eu\/it\/\",\"name\":\"PremiumSeeds\",\"description\":\"Top seeds producer\",\"potentialAction\":[{\"@type\":\"SearchAction\",\"target\":{\"@type\":\"EntryPoint\",\"urlTemplate\":\"https:\/\/premiumseeds.eu\/it\/?s={search_term_string}\"},\"query-input\":\"required name=search_term_string\"}],\"inLanguage\":\"it-IT\"}]}<\/script>\n<!-- \/ Yoast SEO plugin. -->","yoast_head_json":{"title":"Crescione - PremiumSeeds \u2013 produzione di sementi","description":"Crescione sementi \u2013 direttamente dalla propriet\u00e0 del marchio PremiumSeeds. Commercio all'ingrosso e distribuzione di semi Crescione Germinabilit\u00e0 comprovata e garantita. Ordina direttamente dal produttore.","robots":{"index":"index","follow":"follow","max-snippet":"max-snippet:-1","max-image-preview":"max-image-preview:large","max-video-preview":"max-video-preview:-1"},"canonical":"https:\/\/premiumseeds.eu\/it\/produkt\/crescione\/","og_locale":"it_IT","og_type":"article","og_title":"Crescione - PremiumSeeds \u2013 produzione di sementi","og_description":"Crescione sementi \u2013 direttamente dalla propriet\u00e0 del marchio PremiumSeeds. Commercio all'ingrosso e distribuzione di semi Crescione Germinabilit\u00e0 comprovata e garantita. Ordina direttamente dal produttore.","og_url":"https:\/\/premiumseeds.eu\/it\/produkt\/crescione\/","og_site_name":"PremiumSeeds","article_modified_time":"2022-07-06T10:29:24+00:00","og_image":[{"width":945,"height":1770,"url":"https:\/\/premiumseeds.eu\/wp-content\/uploads\/2022\/06\/32_WORLD-G4700026_RGB_VS-3.jpg","type":"image\/jpeg"}],"twitter_card":"summary_large_image","schema":{"@context":"https:\/\/schema.org","@graph":[{"@type":"WebPage","@id":"https:\/\/premiumseeds.eu\/it\/produkt\/crescione\/","url":"https:\/\/premiumseeds.eu\/it\/produkt\/crescione\/","name":"Crescione - PremiumSeeds \u2013 produzione di sementi","isPartOf":{"@id":"https:\/\/premiumseeds.eu\/it\/#website"},"datePublished":"2022-06-24T08:49:38+00:00","dateModified":"2022-07-06T10:29:24+00:00","description":"Crescione sementi \u2013 direttamente dalla propriet\u00e0 del marchio PremiumSeeds. Commercio all'ingrosso e distribuzione di semi Crescione Germinabilit\u00e0 comprovata e garantita. Ordina direttamente dal produttore.","breadcrumb":{"@id":"https:\/\/premiumseeds.eu\/it\/produkt\/crescione\/#breadcrumb"},"inLanguage":"it-IT","potentialAction":[{"@type":"ReadAction","target":["https:\/\/premiumseeds.eu\/it\/produkt\/crescione\/"]}]},{"@type":"BreadcrumbList","@id":"https:\/\/premiumseeds.eu\/it\/produkt\/crescione\/#breadcrumb","itemListElement":[{"@type":"ListItem","position":1,"name":"Home","item":"https:\/\/premiumseeds.eu\/it\/"},{"@type":"ListItem","position":2,"name":"Semi","item":"https:\/\/premiumseeds.eu\/it\/semi\/"},{"@type":"ListItem","position":3,"name":"Crescione"}]},{"@type":"WebSite","@id":"https:\/\/premiumseeds.eu\/it\/#website","url":"https:\/\/premiumseeds.eu\/it\/","name":"PremiumSeeds","description":"Top seeds producer","potentialAction":[{"@type":"SearchAction","target":{"@type":"EntryPoint","urlTemplate":"https:\/\/premiumseeds.eu\/it\/?s={search_term_string}"},"query-input":"required name=search_term_string"}],"inLanguage":"it-IT"}]}},"_links":{"self":[{"href":"https:\/\/premiumseeds.eu\/it\/wp-json\/wp\/v2\/product\/31504","targetHints":{"allow":["GET"]}}],"collection":[{"href":"https:\/\/premiumseeds.eu\/it\/wp-json\/wp\/v2\/product"}],"about":[{"href":"https:\/\/premiumseeds.eu\/it\/wp-json\/wp\/v2\/types\/product"}],"wp:featuredmedia":[{"embeddable":true,"href":"https:\/\/premiumseeds.eu\/it\/wp-json\/wp\/v2\/media\/31511"}],"wp:attachment":[{"href":"https:\/\/premiumseeds.eu\/it\/wp-json\/wp\/v2\/media?parent=31504"}],"wp:term":[{"taxonomy":"product_cat","embeddable":true,"href":"https:\/\/premiumseeds.eu\/it\/wp-json\/wp\/v2\/product_cat?post=31504"},{"taxonomy":"product_tag","embeddable":true,"href":"https:\/\/premiumseeds.eu\/it\/wp-json\/wp\/v2\/product_tag?post=31504"}],"curies":[{"name":"wp","href":"https:\/\/api.w.org\/{rel}","templated":true}]}}