{"id":45004,"date":"2022-12-19T14:50:32","date_gmt":"2022-12-19T13:50:32","guid":{"rendered":"https:\/\/premiumseeds.eu\/?post_type=product&#038;p=45004"},"modified":"2022-12-19T14:50:33","modified_gmt":"2022-12-19T13:50:33","slug":"barbabietola-misto-di-varieta-colorate-2","status":"publish","type":"product","link":"https:\/\/premiumseeds.eu\/it\/produkt\/barbabietola-misto-di-varieta-colorate-2\/","title":{"rendered":"Barbabietola &#8211; misto di variet\u00e0 colorate"},"content":{"rendered":"","protected":false},"excerpt":{"rendered":"<p>Una selezione di variet\u00e0; radici sferiche che differiscono per consistenza della polpa e colore. Un\u2019eccellente aggiunta di colore ai piatti. Da consumare dopo il raccolto, da conservare o per produrre conserve.<br \/>\n<\/b><br \/>\n<strong>Barbabietola &#8211; misto di variet\u00e0 colorate &#8211; semi<\/strong><br \/>\n<\/b><br \/>\n<strong> Profondit\u00e0 di semina:<\/strong> 2 \u2013 3 cm<br \/>\n<strong>Tempo di semina all\u2019aperto:<\/strong> aprile &#8211; giugno<br \/>\n<strong>Semina:<\/strong> 30-40 x 5-8 cm<br \/>\n<strong>Periodo di raccolt\u00e0:<\/strong> luglio &#8211; ottobre<br \/>\n<\/b><br \/>\nUna confezione contiene 10 g di semi.<\/p>\n","protected":false},"featured_media":45011,"template":"","meta":{"_monsterinsights_skip_tracking":false,"_monsterinsights_sitenote_active":false,"_monsterinsights_sitenote_note":"","_monsterinsights_sitenote_category":0},"product_cat":[2080,2076],"product_tag":[2355],"class_list":["post-45004","product","type-product","status-publish","has-post-thumbnail","hentry","product_cat-semi-di-barbabietola","product_cat-semi-di-ortaggi","product_tag-barbabietola-misto-di-varieta-colorate-semi"],"yoast_head":"<!-- This site is optimized with the Yoast SEO plugin v21.6 - https:\/\/yoast.com\/wordpress\/plugins\/seo\/ -->\n<title>Barbabietola - misto di variet\u00e0 colorate - PremiumSeeds \u2013 produzione di sementi<\/title>\n<meta name=\"description\" content=\"Barbabietola - misto di variet\u00e0 colorate sementi \u2013 direttamente dalla propriet\u00e0 del marchio PremiumSeeds. Commercio all&#039;ingrosso e distribuzione di semi Barbabietola - misto di variet\u00e0 colorate Germinabilit\u00e0 comprovata e garantita. Ordina direttamente dal produttore.\" \/>\n<meta name=\"robots\" content=\"index, follow, max-snippet:-1, max-image-preview:large, max-video-preview:-1\" \/>\n<link rel=\"canonical\" href=\"https:\/\/premiumseeds.eu\/it\/produkt\/barbabietola-misto-di-varieta-colorate-2\/\" \/>\n<meta property=\"og:locale\" content=\"it_IT\" \/>\n<meta property=\"og:type\" content=\"article\" \/>\n<meta property=\"og:title\" content=\"Barbabietola - misto di variet\u00e0 colorate - PremiumSeeds \u2013 produzione di sementi\" \/>\n<meta property=\"og:description\" content=\"Barbabietola - misto di variet\u00e0 colorate sementi \u2013 direttamente dalla propriet\u00e0 del marchio PremiumSeeds. Commercio all&#039;ingrosso e distribuzione di semi Barbabietola - misto di variet\u00e0 colorate Germinabilit\u00e0 comprovata e garantita. Ordina direttamente dal produttore.\" \/>\n<meta property=\"og:url\" content=\"https:\/\/premiumseeds.eu\/it\/produkt\/barbabietola-misto-di-varieta-colorate-2\/\" \/>\n<meta property=\"og:site_name\" content=\"PremiumSeeds\" \/>\n<meta property=\"article:modified_time\" content=\"2022-12-19T13:50:33+00:00\" \/>\n<meta property=\"og:image\" content=\"https:\/\/premiumseeds.eu\/wp-content\/uploads\/2022\/12\/WORLD-N-171-3630_VS-3.jpg?v=1671457800\" \/>\n\t<meta property=\"og:image:width\" content=\"1358\" \/>\n\t<meta property=\"og:image:height\" content=\"1948\" \/>\n\t<meta property=\"og:image:type\" content=\"image\/jpeg\" \/>\n<meta name=\"twitter:card\" content=\"summary_large_image\" \/>\n<script type=\"application\/ld+json\" class=\"yoast-schema-graph\">{\"@context\":\"https:\/\/schema.org\",\"@graph\":[{\"@type\":\"WebPage\",\"@id\":\"https:\/\/premiumseeds.eu\/it\/produkt\/barbabietola-misto-di-varieta-colorate-2\/\",\"url\":\"https:\/\/premiumseeds.eu\/it\/produkt\/barbabietola-misto-di-varieta-colorate-2\/\",\"name\":\"Barbabietola - misto di variet\u00e0 colorate - PremiumSeeds \u2013 produzione di sementi\",\"isPartOf\":{\"@id\":\"https:\/\/premiumseeds.eu\/it\/#website\"},\"datePublished\":\"2022-12-19T13:50:32+00:00\",\"dateModified\":\"2022-12-19T13:50:33+00:00\",\"description\":\"Barbabietola - misto di variet\u00e0 colorate sementi \u2013 direttamente dalla propriet\u00e0 del marchio PremiumSeeds. Commercio all'ingrosso e distribuzione di semi Barbabietola - misto di variet\u00e0 colorate Germinabilit\u00e0 comprovata e garantita. Ordina direttamente dal produttore.\",\"breadcrumb\":{\"@id\":\"https:\/\/premiumseeds.eu\/it\/produkt\/barbabietola-misto-di-varieta-colorate-2\/#breadcrumb\"},\"inLanguage\":\"it-IT\",\"potentialAction\":[{\"@type\":\"ReadAction\",\"target\":[\"https:\/\/premiumseeds.eu\/it\/produkt\/barbabietola-misto-di-varieta-colorate-2\/\"]}]},{\"@type\":\"BreadcrumbList\",\"@id\":\"https:\/\/premiumseeds.eu\/it\/produkt\/barbabietola-misto-di-varieta-colorate-2\/#breadcrumb\",\"itemListElement\":[{\"@type\":\"ListItem\",\"position\":1,\"name\":\"Home\",\"item\":\"https:\/\/premiumseeds.eu\/it\/\"},{\"@type\":\"ListItem\",\"position\":2,\"name\":\"Semi\",\"item\":\"https:\/\/premiumseeds.eu\/it\/semi\/\"},{\"@type\":\"ListItem\",\"position\":3,\"name\":\"Barbabietola &#8211; misto di variet\u00e0 colorate\"}]},{\"@type\":\"WebSite\",\"@id\":\"https:\/\/premiumseeds.eu\/it\/#website\",\"url\":\"https:\/\/premiumseeds.eu\/it\/\",\"name\":\"PremiumSeeds\",\"description\":\"Top seeds producer\",\"potentialAction\":[{\"@type\":\"SearchAction\",\"target\":{\"@type\":\"EntryPoint\",\"urlTemplate\":\"https:\/\/premiumseeds.eu\/it\/?s={search_term_string}\"},\"query-input\":\"required name=search_term_string\"}],\"inLanguage\":\"it-IT\"}]}<\/script>\n<!-- \/ Yoast SEO plugin. -->","yoast_head_json":{"title":"Barbabietola - misto di variet\u00e0 colorate - PremiumSeeds \u2013 produzione di sementi","description":"Barbabietola - misto di variet\u00e0 colorate sementi \u2013 direttamente dalla propriet\u00e0 del marchio PremiumSeeds. Commercio all'ingrosso e distribuzione di semi Barbabietola - misto di variet\u00e0 colorate Germinabilit\u00e0 comprovata e garantita. Ordina direttamente dal produttore.","robots":{"index":"index","follow":"follow","max-snippet":"max-snippet:-1","max-image-preview":"max-image-preview:large","max-video-preview":"max-video-preview:-1"},"canonical":"https:\/\/premiumseeds.eu\/it\/produkt\/barbabietola-misto-di-varieta-colorate-2\/","og_locale":"it_IT","og_type":"article","og_title":"Barbabietola - misto di variet\u00e0 colorate - PremiumSeeds \u2013 produzione di sementi","og_description":"Barbabietola - misto di variet\u00e0 colorate sementi \u2013 direttamente dalla propriet\u00e0 del marchio PremiumSeeds. Commercio all'ingrosso e distribuzione di semi Barbabietola - misto di variet\u00e0 colorate Germinabilit\u00e0 comprovata e garantita. Ordina direttamente dal produttore.","og_url":"https:\/\/premiumseeds.eu\/it\/produkt\/barbabietola-misto-di-varieta-colorate-2\/","og_site_name":"PremiumSeeds","article_modified_time":"2022-12-19T13:50:33+00:00","og_image":[{"width":1358,"height":1948,"url":"https:\/\/premiumseeds.eu\/wp-content\/uploads\/2022\/12\/WORLD-N-171-3630_VS-3.jpg?v=1671457800","type":"image\/jpeg"}],"twitter_card":"summary_large_image","schema":{"@context":"https:\/\/schema.org","@graph":[{"@type":"WebPage","@id":"https:\/\/premiumseeds.eu\/it\/produkt\/barbabietola-misto-di-varieta-colorate-2\/","url":"https:\/\/premiumseeds.eu\/it\/produkt\/barbabietola-misto-di-varieta-colorate-2\/","name":"Barbabietola - misto di variet\u00e0 colorate - PremiumSeeds \u2013 produzione di sementi","isPartOf":{"@id":"https:\/\/premiumseeds.eu\/it\/#website"},"datePublished":"2022-12-19T13:50:32+00:00","dateModified":"2022-12-19T13:50:33+00:00","description":"Barbabietola - misto di variet\u00e0 colorate sementi \u2013 direttamente dalla propriet\u00e0 del marchio PremiumSeeds. Commercio all'ingrosso e distribuzione di semi Barbabietola - misto di variet\u00e0 colorate Germinabilit\u00e0 comprovata e garantita. Ordina direttamente dal produttore.","breadcrumb":{"@id":"https:\/\/premiumseeds.eu\/it\/produkt\/barbabietola-misto-di-varieta-colorate-2\/#breadcrumb"},"inLanguage":"it-IT","potentialAction":[{"@type":"ReadAction","target":["https:\/\/premiumseeds.eu\/it\/produkt\/barbabietola-misto-di-varieta-colorate-2\/"]}]},{"@type":"BreadcrumbList","@id":"https:\/\/premiumseeds.eu\/it\/produkt\/barbabietola-misto-di-varieta-colorate-2\/#breadcrumb","itemListElement":[{"@type":"ListItem","position":1,"name":"Home","item":"https:\/\/premiumseeds.eu\/it\/"},{"@type":"ListItem","position":2,"name":"Semi","item":"https:\/\/premiumseeds.eu\/it\/semi\/"},{"@type":"ListItem","position":3,"name":"Barbabietola &#8211; misto di variet\u00e0 colorate"}]},{"@type":"WebSite","@id":"https:\/\/premiumseeds.eu\/it\/#website","url":"https:\/\/premiumseeds.eu\/it\/","name":"PremiumSeeds","description":"Top seeds producer","potentialAction":[{"@type":"SearchAction","target":{"@type":"EntryPoint","urlTemplate":"https:\/\/premiumseeds.eu\/it\/?s={search_term_string}"},"query-input":"required name=search_term_string"}],"inLanguage":"it-IT"}]}},"_links":{"self":[{"href":"https:\/\/premiumseeds.eu\/it\/wp-json\/wp\/v2\/product\/45004","targetHints":{"allow":["GET"]}}],"collection":[{"href":"https:\/\/premiumseeds.eu\/it\/wp-json\/wp\/v2\/product"}],"about":[{"href":"https:\/\/premiumseeds.eu\/it\/wp-json\/wp\/v2\/types\/product"}],"wp:featuredmedia":[{"embeddable":true,"href":"https:\/\/premiumseeds.eu\/it\/wp-json\/wp\/v2\/media\/45011"}],"wp:attachment":[{"href":"https:\/\/premiumseeds.eu\/it\/wp-json\/wp\/v2\/media?parent=45004"}],"wp:term":[{"taxonomy":"product_cat","embeddable":true,"href":"https:\/\/premiumseeds.eu\/it\/wp-json\/wp\/v2\/product_cat?post=45004"},{"taxonomy":"product_tag","embeddable":true,"href":"https:\/\/premiumseeds.eu\/it\/wp-json\/wp\/v2\/product_tag?post=45004"}],"curies":[{"name":"wp","href":"https:\/\/api.w.org\/{rel}","templated":true}]}}